{"id":3761,"date":"2025-03-05T20:39:24","date_gmt":"2025-03-05T19:39:24","guid":{"rendered":"https:\/\/bvise.de\/?page_id=3761"},"modified":"2025-03-16T14:24:13","modified_gmt":"2025-03-16T13:24:13","slug":"steel","status":"publish","type":"page","link":"https:\/\/bvise.de\/en\/industries\/steel\/","title":{"rendered":"Steel"},"content":{"rendered":"\t\t<div data-elementor-type=\"wp-page\" data-elementor-id=\"3761\" class=\"elementor elementor-3761 elementor-3760\" data-elementor-post-type=\"page\">\n\t\t\t\t<div class=\"elementor-element elementor-element-ac21c5e e-con-full e-flex wpr-particle-no wpr-jarallax-no wpr-parallax-no wpr-sticky-section-no e-con e-parent\" data-id=\"ac21c5e\" data-element_type=\"container\" data-settings=\"{&quot;background_background&quot;:&quot;gradient&quot;}\">\n\t\t<div class=\"elementor-element elementor-element-deadef8 e-con-full e-flex wpr-particle-no wpr-jarallax-no wpr-parallax-no wpr-sticky-section-no e-con e-child\" data-id=\"deadef8\" data-element_type=\"container\">\n\t\t<div class=\"elementor-element elementor-element-12242ad e-flex e-con-boxed wpr-particle-no wpr-jarallax-no wpr-parallax-no wpr-sticky-section-no e-con e-child\" data-id=\"12242ad\" data-element_type=\"container\">\n\t\t\t\t\t<div class=\"e-con-inner\">\n\t\t\t\t<div class=\"elementor-element elementor-element-344ea99 bold-color elementor-widget elementor-widget-heading\" data-id=\"344ea99\" data-element_type=\"widget\" data-widget_type=\"heading.default\">\n\t\t\t\t<div class=\"elementor-widget-container\">\n\t\t\t<style>\/*! elementor - v3.23.0 - 23-07-2024 *\/\n.elementor-heading-title{padding:0;margin:0;line-height:1}.elementor-widget-heading .elementor-heading-title[class*=elementor-size-]>a{color:inherit;font-size:inherit;line-height:inherit}.elementor-widget-heading .elementor-heading-title.elementor-size-small{font-size:15px}.elementor-widget-heading .elementor-heading-title.elementor-size-medium{font-size:19px}.elementor-widget-heading .elementor-heading-title.elementor-size-large{font-size:29px}.elementor-widget-heading .elementor-heading-title.elementor-size-xl{font-size:39px}.elementor-widget-heading .elementor-heading-title.elementor-size-xxl{font-size:59px}<\/style><h1 class=\"elementor-heading-title elementor-size-default\">SAP in the<br>\n<strong>steel & metal<\/strong> <br>industry\n<\/h1>\t\t<\/div>\n\t\t\t\t<\/div>\n\t\t\t\t<div class=\"elementor-element elementor-element-47da2c6 breadcrumb-style elementor-widget elementor-widget-shortcode\" data-id=\"47da2c6\" data-element_type=\"widget\" data-widget_type=\"shortcode.default\">\n\t\t\t\t<div class=\"elementor-widget-container\">\n\t\t\t\t\t<div class=\"elementor-shortcode\"><div class=\"aioseo-breadcrumbs\"><span class=\"aioseo-breadcrumb\">\n\tHome\n<\/span><\/div><\/div>\n\t\t\t\t<\/div>\n\t\t\t\t<\/div>\n\t\t\t\t\t<\/div>\n\t\t\t\t<\/div>\n\t\t<div class=\"elementor-element elementor-element-59235ba e-con-full banner-img-outer elementor-hidden-mobile e-flex wpr-particle-no wpr-jarallax-no wpr-parallax-no wpr-sticky-section-no e-con e-child\" data-id=\"59235ba\" data-element_type=\"container\">\n\t\t\t\t<div class=\"elementor-element elementor-element-9daa4f6 banner-img elementor-widget elementor-widget-image\" data-id=\"9daa4f6\" data-element_type=\"widget\" data-widget_type=\"image.default\">\n\t\t\t\t<div class=\"elementor-widget-container\">\n\t\t\t<style>\/*! elementor - v3.23.0 - 23-07-2024 *\/\n.elementor-widget-image{text-align:center}.elementor-widget-image a{display:inline-block}.elementor-widget-image a img[src$=\".svg\"]{width:48px}.elementor-widget-image img{vertical-align:middle;display:inline-block}<\/style>\t\t\t\t\t\t\t\t\t\t<img fetchpriority=\"high\" decoding=\"async\" width=\"768\" height=\"398\" src=\"https:\/\/bvise.de\/wp-content\/uploads\/2025\/03\/Bildschirmfoto-2025-03-05-um-20.44.25-768x398.png\" class=\"attachment-medium_large size-medium_large wp-image-3770\" alt=\"Headerbild f\u00fcr die Stahl Branche. Blaues Rechteck mit wei\u00dfer Illustration von einem Stahltr\u00e4ger.\" srcset=\"https:\/\/bvise.de\/wp-content\/uploads\/2025\/03\/Bildschirmfoto-2025-03-05-um-20.44.25-768x398.png 768w, https:\/\/bvise.de\/wp-content\/uploads\/2025\/03\/Bildschirmfoto-2025-03-05-um-20.44.25-300x155.png 300w, https:\/\/bvise.de\/wp-content\/uploads\/2025\/03\/Bildschirmfoto-2025-03-05-um-20.44.25-1024x531.png 1024w, https:\/\/bvise.de\/wp-content\/uploads\/2025\/03\/Bildschirmfoto-2025-03-05-um-20.44.25.png 1324w\" sizes=\"(max-width: 768px) 100vw, 768px\" \/>\t\t\t\t\t\t\t\t\t\t\t\t\t<\/div>\n\t\t\t\t<\/div>\n\t\t\t\t<\/div>\n\t\t\t\t<\/div>\n\t\t\t\t<\/div>\n\t\t<div class=\"elementor-element elementor-element-9339d54 e-con-full bg-circle e-flex wpr-particle-no wpr-jarallax-no wpr-parallax-no wpr-sticky-section-no e-con e-parent\" data-id=\"9339d54\" data-element_type=\"container\" data-settings=\"{&quot;background_background&quot;:&quot;gradient&quot;}\">\n\t\t<div class=\"elementor-element elementor-element-d8b680c e-flex e-con-boxed wpr-particle-no wpr-jarallax-no wpr-parallax-no wpr-sticky-section-no e-con e-child\" data-id=\"d8b680c\" data-element_type=\"container\">\n\t\t\t\t\t<div class=\"e-con-inner\">\n\t\t\t\t<div class=\"elementor-element elementor-element-dca8053 elementor-widget__width-auto elementor-widget elementor-widget-heading\" data-id=\"dca8053\" data-element_type=\"widget\" data-widget_type=\"heading.default\">\n\t\t\t\t<div class=\"elementor-widget-container\">\n\t\t\t<h4 class=\"elementor-heading-title elementor-size-default\">Steel & SAP<\/h4>\t\t<\/div>\n\t\t\t\t<\/div>\n\t\t\t\t<div class=\"elementor-element elementor-element-cc8eb59 bold-color elementor-widget elementor-widget-heading\" data-id=\"cc8eb59\" data-element_type=\"widget\" data-widget_type=\"heading.default\">\n\t\t\t\t<div class=\"elementor-widget-container\">\n\t\t\t<h2 class=\"elementor-heading-title elementor-size-default\">Complexity within one industry<\/h2>\t\t<\/div>\n\t\t\t\t<\/div>\n\t\t\t\t\t<\/div>\n\t\t\t\t<\/div>\n\t\t<div class=\"elementor-element elementor-element-caaf081 e-flex e-con-boxed wpr-particle-no wpr-jarallax-no wpr-parallax-no wpr-sticky-section-no e-con e-child\" data-id=\"caaf081\" data-element_type=\"container\">\n\t\t\t\t\t<div class=\"e-con-inner\">\n\t\t<div class=\"elementor-element elementor-element-1d6425f e-con-full e-flex wpr-particle-no wpr-jarallax-no wpr-parallax-no wpr-sticky-section-no e-con e-child\" data-id=\"1d6425f\" data-element_type=\"container\">\n\t\t\t\t<div class=\"elementor-element elementor-element-3c3a614 elementor-widget__width-initial elementor-widget elementor-widget-text-editor\" data-id=\"3c3a614\" data-element_type=\"widget\" data-widget_type=\"text-editor.default\">\n\t\t\t\t<div class=\"elementor-widget-container\">\n\t\t\t<style>\/*! elementor - v3.23.0 - 23-07-2024 *\/\n.elementor-widget-text-editor.elementor-drop-cap-view-stacked .elementor-drop-cap{background-color:#69727d;color:#fff}.elementor-widget-text-editor.elementor-drop-cap-view-framed .elementor-drop-cap{color:#69727d;border:3px solid;background-color:transparent}.elementor-widget-text-editor:not(.elementor-drop-cap-view-default) .elementor-drop-cap{margin-top:8px}.elementor-widget-text-editor:not(.elementor-drop-cap-view-default) .elementor-drop-cap-letter{width:1em;height:1em}.elementor-widget-text-editor .elementor-drop-cap{float:left;text-align:center;line-height:1;font-size:50px}.elementor-widget-text-editor .elementor-drop-cap-letter{display:inline-block}<\/style>\t\t\t\t<p>The steel and metal sector is one of the most fundamental and at the same time most complex industries in the world. Logistics and warehouse management in this sector present a major challenge due to specific requirements and the diversity of products. These range from handling heavy and bulky goods to complying with strict quality and safety standards. In this context, SAP EWM has established itself as a tool for ensuring efficiency and competitiveness.<\/p><p>Storage and transport in the steel and metal industry require precise planning and specialized equipment. A high material value is involved and no damage must be caused by storage. The industry is fast-moving, with high turnover rates. Logistics must remain flexible and scalable. All of this is possible with SAP EWM.<\/p>\t\t\t\t\t\t<\/div>\n\t\t\t\t<\/div>\n\t\t\t\t<\/div>\n\t\t\t\t\t<\/div>\n\t\t\t\t<\/div>\n\t\t\t\t<\/div>\n\t\t<div class=\"elementor-element elementor-element-ef3f0ee e-con-full e-flex wpr-particle-no wpr-jarallax-no wpr-parallax-no wpr-sticky-section-no e-con e-parent\" data-id=\"ef3f0ee\" data-element_type=\"container\" data-settings=\"{&quot;background_background&quot;:&quot;gradient&quot;}\">\n\t\t<div class=\"elementor-element elementor-element-3949838 e-flex e-con-boxed wpr-particle-no wpr-jarallax-no wpr-parallax-no wpr-sticky-section-no e-con e-child\" data-id=\"3949838\" data-element_type=\"container\">\n\t\t\t\t\t<div class=\"e-con-inner\">\n\t\t\t\t<div class=\"elementor-element elementor-element-1ef5c1c bold-color elementor-widget elementor-widget-heading\" data-id=\"1ef5c1c\" data-element_type=\"widget\" data-widget_type=\"heading.default\">\n\t\t\t\t<div class=\"elementor-widget-container\">\n\t\t\t<h2 class=\"elementor-heading-title elementor-size-default\">No more challenges with SAP EWM<\/h2>\t\t<\/div>\n\t\t\t\t<\/div>\n\t\t\t\t\t<\/div>\n\t\t\t\t<\/div>\n\t\t<div class=\"elementor-element elementor-element-41c85fb e-flex e-con-boxed wpr-particle-no wpr-jarallax-no wpr-parallax-no wpr-sticky-section-no e-con e-child\" data-id=\"41c85fb\" data-element_type=\"container\">\n\t\t\t\t\t<div class=\"e-con-inner\">\n\t\t<div class=\"elementor-element elementor-element-e41d647 e-con-full e-flex wpr-particle-no wpr-jarallax-no wpr-parallax-no wpr-sticky-section-no e-con e-child\" data-id=\"e41d647\" data-element_type=\"container\">\n\t\t\t\t<div class=\"elementor-element elementor-element-9eb2083 elementor-widget elementor-widget-text-editor\" data-id=\"9eb2083\" data-element_type=\"widget\" data-widget_type=\"text-editor.default\">\n\t\t\t\t<div class=\"elementor-widget-container\">\n\t\t\t\t\t\t\t<p>Storage and transport in the steel and metal industry require precise planning and specialized equipment. A high material value is involved and no damage must be caused by storage. The industry is fast-moving, with high turnover rates. Logistics must remain flexible and scalable. All of this is possible with SAP EWM.<\/p>\t\t\t\t\t\t<\/div>\n\t\t\t\t<\/div>\n\t\t\t\t<\/div>\n\t\t\t\t\t<\/div>\n\t\t\t\t<\/div>\n\t\t<div class=\"elementor-element elementor-element-d40c370 e-con-full e-flex wpr-particle-no wpr-jarallax-no wpr-parallax-no wpr-sticky-section-no e-con e-child\" data-id=\"d40c370\" data-element_type=\"container\" data-settings=\"{&quot;background_background&quot;:&quot;gradient&quot;}\">\n\t\t<div class=\"elementor-element elementor-element-0843500 e-flex e-con-boxed wpr-particle-no wpr-jarallax-no wpr-parallax-no wpr-sticky-section-no e-con e-child\" data-id=\"0843500\" data-element_type=\"container\">\n\t\t\t\t\t<div class=\"e-con-inner\">\n\t\t\t\t<div class=\"elementor-element elementor-element-f5a3c66 bold-color elementor-widget elementor-widget-heading\" data-id=\"f5a3c66\" data-element_type=\"widget\" data-widget_type=\"heading.default\">\n\t\t\t\t<div class=\"elementor-widget-container\">\n\t\t\t<h2 class=\"elementor-heading-title elementor-size-default\">Investment for the future<\/h2>\t\t<\/div>\n\t\t\t\t<\/div>\n\t\t\t\t\t<\/div>\n\t\t\t\t<\/div>\n\t\t<div class=\"elementor-element elementor-element-954af2f e-flex e-con-boxed wpr-particle-no wpr-jarallax-no wpr-parallax-no wpr-sticky-section-no e-con e-child\" data-id=\"954af2f\" data-element_type=\"container\">\n\t\t\t\t\t<div class=\"e-con-inner\">\n\t\t<div class=\"elementor-element elementor-element-54b5264 e-con-full e-flex wpr-particle-no wpr-jarallax-no wpr-parallax-no wpr-sticky-section-no e-con e-child\" data-id=\"54b5264\" data-element_type=\"container\">\n\t\t\t\t<div class=\"elementor-element elementor-element-3b6f314 elementor-widget elementor-widget-text-editor\" data-id=\"3b6f314\" data-element_type=\"widget\" data-widget_type=\"text-editor.default\">\n\t\t\t\t<div class=\"elementor-widget-container\">\n\t\t\t\t\t\t\t<p>Once you have invested in SAP EWM, you will be able to master the challenges of a dynamic and demanding industry and grow sustainably. With bvise as a trustworthy partner, you can create a solid foundation for future growth. Get in touch!<\/p>\t\t\t\t\t\t<\/div>\n\t\t\t\t<\/div>\n\t\t\t\t<\/div>\n\t\t\t\t\t<\/div>\n\t\t\t\t<\/div>\n\t\t<div class=\"elementor-element elementor-element-c566328 e-con-full e-flex wpr-particle-no wpr-jarallax-no wpr-parallax-no wpr-sticky-section-no e-con e-child\" data-id=\"c566328\" data-element_type=\"container\" data-settings=\"{&quot;background_background&quot;:&quot;gradient&quot;}\">\n\t\t<div class=\"elementor-element elementor-element-3af645a e-flex e-con-boxed wpr-particle-no wpr-jarallax-no wpr-parallax-no wpr-sticky-section-no e-con e-child\" data-id=\"3af645a\" data-element_type=\"container\">\n\t\t\t\t\t<div class=\"e-con-inner\">\n\t\t\t\t<div class=\"elementor-element elementor-element-b839f9a bold-color elementor-widget elementor-widget-heading\" data-id=\"b839f9a\" data-element_type=\"widget\" data-widget_type=\"heading.default\">\n\t\t\t\t<div class=\"elementor-widget-container\">\n\t\t\t<h2 class=\"elementor-heading-title elementor-size-default\">Security, compliance and efficiency on a common denominator<\/h2>\t\t<\/div>\n\t\t\t\t<\/div>\n\t\t\t\t\t<\/div>\n\t\t\t\t<\/div>\n\t\t<div class=\"elementor-element elementor-element-49a9e8b e-flex e-con-boxed wpr-particle-no wpr-jarallax-no wpr-parallax-no wpr-sticky-section-no e-con e-child\" data-id=\"49a9e8b\" data-element_type=\"container\">\n\t\t\t\t\t<div class=\"e-con-inner\">\n\t\t<div class=\"elementor-element elementor-element-c4bdae3 e-con-full e-flex wpr-particle-no wpr-jarallax-no wpr-parallax-no wpr-sticky-section-no e-con e-child\" data-id=\"c4bdae3\" data-element_type=\"container\">\n\t\t\t\t<div class=\"elementor-element elementor-element-1e8c68a elementor-widget elementor-widget-text-editor\" data-id=\"1e8c68a\" data-element_type=\"widget\" data-widget_type=\"text-editor.default\">\n\t\t\t\t<div class=\"elementor-widget-container\">\n\t\t\t\t\t\t\t<p>Once the pilot project has been completed, SAP EWM will be gradually introduced at all of the company&#8217;s relevant warehouse locations. Centralized inventory management enables the company to react flexibly to changes in the supply chain while maintaining the highest levels of security and compliance. The integration of the system into production is particularly noteworthy: materials and raw materials are provided automatically and in real time, leading to a significant increase in efficiency and a reduction in production downtime.<\/p><p>The positive effects of the implementation are clearly noticeable. The company&#8217;s customers and partners appreciate the reliability of the supply chain and the improved quality assurance. Companies in the chemical industry are thus strengthening their market position and can secure competitive advantages.<\/p>\t\t\t\t\t\t<\/div>\n\t\t\t\t<\/div>\n\t\t\t\t<\/div>\n\t\t\t\t\t<\/div>\n\t\t\t\t<\/div>\n\t\t<div class=\"elementor-element elementor-element-f64b7f9 e-con-full e-flex wpr-particle-no wpr-jarallax-no wpr-parallax-no wpr-sticky-section-no e-con e-child\" data-id=\"f64b7f9\" data-element_type=\"container\" data-settings=\"{&quot;background_background&quot;:&quot;gradient&quot;}\">\n\t\t<div class=\"elementor-element elementor-element-5bf1479 e-flex e-con-boxed wpr-particle-no wpr-jarallax-no wpr-parallax-no wpr-sticky-section-no e-con e-child\" data-id=\"5bf1479\" data-element_type=\"container\">\n\t\t\t\t\t<div class=\"e-con-inner\">\n\t\t\t\t<div class=\"elementor-element elementor-element-1da07bb bold-color elementor-widget elementor-widget-heading\" data-id=\"1da07bb\" data-element_type=\"widget\" data-widget_type=\"heading.default\">\n\t\t\t\t<div class=\"elementor-widget-container\">\n\t\t\t<h2 class=\"elementor-heading-title elementor-size-default\">Any questions?<\/h2>\t\t<\/div>\n\t\t\t\t<\/div>\n\t\t\t\t\t<\/div>\n\t\t\t\t<\/div>\n\t\t<div class=\"elementor-element elementor-element-a71765d e-flex e-con-boxed wpr-particle-no wpr-jarallax-no wpr-parallax-no wpr-sticky-section-no e-con e-child\" data-id=\"a71765d\" data-element_type=\"container\">\n\t\t\t\t\t<div class=\"e-con-inner\">\n\t\t<div class=\"elementor-element elementor-element-43f68e6 e-con-full e-flex wpr-particle-no wpr-jarallax-no wpr-parallax-no wpr-sticky-section-no e-con e-child\" data-id=\"43f68e6\" data-element_type=\"container\">\n\t\t\t\t<div class=\"elementor-element elementor-element-9202e6d elementor-widget elementor-widget-text-editor\" data-id=\"9202e6d\" data-element_type=\"widget\" data-widget_type=\"text-editor.default\">\n\t\t\t\t<div class=\"elementor-widget-container\">\n\t\t\t\t\t\t\t<p>The implementation of SAP EWM in the chemical industry shows how technological solutions can significantly increase a company&#8217;s efficiency, security and flexibility. With bvise as a trusted partner, companies in the chemical industry are not only able to overcome immediate logistical challenges, but also create a solid foundation for future growth and compliance.<\/p><p>The positive effects of the implementation are clearly noticeable. The company&#8217;s customers and partners appreciate the reliability of the supply chain and the improved quality assurance. Companies in the chemical industry are thus strengthening their market position and can secure competitive advantages.<\/p>\t\t\t\t\t\t<\/div>\n\t\t\t\t<\/div>\n\t\t\t\t<div class=\"elementor-element elementor-element-781a7ed elementor-align-center elementor-widget__width-initial elementor-widget elementor-widget-button\" data-id=\"781a7ed\" data-element_type=\"widget\" data-widget_type=\"button.default\">\n\t\t\t\t<div class=\"elementor-widget-container\">\n\t\t\t\t\t<div class=\"elementor-button-wrapper\">\n\t\t\t<a class=\"elementor-button elementor-button-link elementor-size-sm\" href=\"https:\/\/bvise.de\/kontakt\/\">\n\t\t\t\t\t\t<span class=\"elementor-button-content-wrapper\">\n\t\t\t\t\t\t\t\t\t<span class=\"elementor-button-text\">Interested? Conact us!<\/span>\n\t\t\t\t\t<\/span>\n\t\t\t\t\t<\/a>\n\t\t<\/div>\n\t\t\t\t<\/div>\n\t\t\t\t<\/div>\n\t\t\t\t<\/div>\n\t\t\t\t\t<\/div>\n\t\t\t\t<\/div>\n\t\t\t\t<\/div>\n\t\t\t\t<\/div>\n\t\t\t\t<\/div>\n\t\t\t\t<\/div>\n\t\t\t\t<\/div>\n\t\t","protected":false},"excerpt":{"rendered":"<p>SAP in the steel &#038; metal industry Steel &#038; SAP Complexity within one industry The steel and metal sector is one of the most fundamental and at the same time most complex industries in the world. Logistics and warehouse management in this sector present a major challenge due to specific requirements and the diversity of products. These range from handling heavy and bulky goods to complying with strict quality and safety standards. In this context, SAP EWM has established itself as a tool for ensuring efficiency and competitiveness. Storage and transport in the steel and metal industry require precise planning and specialized equipment. A high material value is involved and no damage must be caused by storage. The industry is fast-moving, with high turnover rates. Logistics must remain flexible and scalable. All of this is possible with SAP EWM. No more challenges with SAP EWM Storage and transport in the steel and metal industry require precise planning and specialized equipment. A high material value is involved and no damage must be caused by storage. The industry is fast-moving, with high turnover rates. Logistics must remain flexible and scalable. All of this is possible with SAP EWM. Investment for the future Once you have invested in SAP EWM, you will be able to master the challenges of a dynamic and demanding industry and grow sustainably. With bvise as a trustworthy partner, you can create a solid foundation for future growth. Get in touch! Security, compliance and efficiency on a common denominator Once the pilot project has been completed, SAP EWM will be gradually introduced at all of the company&#8217;s relevant warehouse locations. Centralized inventory management enables the company to react flexibly to changes in the supply chain while maintaining the highest levels of security and compliance. The integration of the system into production is particularly noteworthy: materials and raw materials are provided automatically and in real time, leading to a significant increase in efficiency and a reduction in production downtime. The positive effects of the implementation are clearly noticeable. The company&#8217;s customers and partners appreciate the reliability of the supply chain and the improved quality assurance. Companies in the chemical industry are thus strengthening their market position and can secure competitive advantages. Any questions? The implementation of SAP EWM in the chemical industry shows how technological solutions can significantly increase a company&#8217;s efficiency, security and flexibility. With bvise as a trusted partner, companies in the chemical industry are not only able to overcome immediate logistical challenges, but also create a solid foundation for future growth and compliance. The positive effects of the implementation are clearly noticeable. The company&#8217;s customers and partners appreciate the reliability of the supply chain and the improved quality assurance. Companies in the chemical industry are thus strengthening their market position and can secure competitive advantages. Interested? Conact us!<\/p>\n","protected":false},"author":2,"featured_media":0,"parent":3379,"menu_order":0,"comment_status":"closed","ping_status":"closed","template":"elementor_header_footer","meta":{"om_disable_all_campaigns":false,"inline_featured_image":false,"_monsterinsights_skip_tracking":false,"_monsterinsights_sitenote_active":false,"_monsterinsights_sitenote_note":"","_monsterinsights_sitenote_category":0,"_uf_show_specific_survey":0,"_uf_disable_surveys":false,"footnotes":""},"class_list":["post-3761","page","type-page","status-publish","hentry"],"aioseo_notices":[],"_links":{"self":[{"href":"https:\/\/bvise.de\/en\/wp-json\/wp\/v2\/pages\/3761","targetHints":{"allow":["GET"]}}],"collection":[{"href":"https:\/\/bvise.de\/en\/wp-json\/wp\/v2\/pages"}],"about":[{"href":"https:\/\/bvise.de\/en\/wp-json\/wp\/v2\/types\/page"}],"author":[{"embeddable":true,"href":"https:\/\/bvise.de\/en\/wp-json\/wp\/v2\/users\/2"}],"replies":[{"embeddable":true,"href":"https:\/\/bvise.de\/en\/wp-json\/wp\/v2\/comments?post=3761"}],"version-history":[{"count":6,"href":"https:\/\/bvise.de\/en\/wp-json\/wp\/v2\/pages\/3761\/revisions"}],"predecessor-version":[{"id":4166,"href":"https:\/\/bvise.de\/en\/wp-json\/wp\/v2\/pages\/3761\/revisions\/4166"}],"up":[{"embeddable":true,"href":"https:\/\/bvise.de\/en\/wp-json\/wp\/v2\/pages\/3379"}],"wp:attachment":[{"href":"https:\/\/bvise.de\/en\/wp-json\/wp\/v2\/media?parent=3761"}],"curies":[{"name":"wp","href":"https:\/\/api.w.org\/{rel}","templated":true}]}}