{"id":4874,"date":"2026-03-21T15:38:24","date_gmt":"2026-03-21T14:38:24","guid":{"rendered":"https:\/\/bvise.de\/?page_id=4874"},"modified":"2026-03-21T15:38:24","modified_gmt":"2026-03-21T14:38:24","slug":"about-bvise-2","status":"publish","type":"page","link":"https:\/\/bvise.de\/en\/about-bvise\/about-bvise-2\/","title":{"rendered":"About bvise"},"content":{"rendered":"\t\t<div data-elementor-type=\"wp-page\" data-elementor-id=\"4874\" class=\"elementor elementor-4874 elementor-4873\" data-elementor-post-type=\"page\">\n\t\t\t\t<div class=\"elementor-element elementor-element-ac21c5e e-con-full e-flex wpr-particle-no wpr-jarallax-no wpr-parallax-no wpr-sticky-section-no e-con e-parent\" data-id=\"ac21c5e\" data-element_type=\"container\" data-settings=\"{&quot;background_background&quot;:&quot;gradient&quot;}\">\n\t\t<div class=\"elementor-element elementor-element-deadef8 e-con-full e-flex wpr-particle-no wpr-jarallax-no wpr-parallax-no wpr-sticky-section-no e-con e-child\" data-id=\"deadef8\" data-element_type=\"container\">\n\t\t<div class=\"elementor-element elementor-element-12242ad e-flex e-con-boxed wpr-particle-no wpr-jarallax-no wpr-parallax-no wpr-sticky-section-no e-con e-child\" data-id=\"12242ad\" data-element_type=\"container\">\n\t\t\t\t\t<div class=\"e-con-inner\">\n\t\t\t\t<div class=\"elementor-element elementor-element-344ea99 bold-color elementor-widget elementor-widget-heading\" data-id=\"344ea99\" data-element_type=\"widget\" data-widget_type=\"heading.default\">\n\t\t\t\t<div class=\"elementor-widget-container\">\n\t\t\t<style>\/*! elementor - v3.23.0 - 23-07-2024 *\/\n.elementor-heading-title{padding:0;margin:0;line-height:1}.elementor-widget-heading .elementor-heading-title[class*=elementor-size-]>a{color:inherit;font-size:inherit;line-height:inherit}.elementor-widget-heading .elementor-heading-title.elementor-size-small{font-size:15px}.elementor-widget-heading .elementor-heading-title.elementor-size-medium{font-size:19px}.elementor-widget-heading .elementor-heading-title.elementor-size-large{font-size:29px}.elementor-widget-heading .elementor-heading-title.elementor-size-xl{font-size:39px}.elementor-widget-heading .elementor-heading-title.elementor-size-xxl{font-size:59px}<\/style><h1 class=\"elementor-heading-title elementor-size-default\">Das ist<br>\n<strong>bvise<\/strong><\/h1>\t\t<\/div>\n\t\t\t\t<\/div>\n\t\t\t\t<div class=\"elementor-element elementor-element-09fe6f4 breadcrumb-style elementor-widget elementor-widget-shortcode\" data-id=\"09fe6f4\" data-element_type=\"widget\" data-widget_type=\"shortcode.default\">\n\t\t\t\t<div class=\"elementor-widget-container\">\n\t\t\t\t\t<div class=\"elementor-shortcode\"><div class=\"aioseo-breadcrumbs\"><span class=\"aioseo-breadcrumb\">\n\tHome\n<\/span><\/div><\/div>\n\t\t\t\t<\/div>\n\t\t\t\t<\/div>\n\t\t\t\t\t<\/div>\n\t\t\t\t<\/div>\n\t\t<div class=\"elementor-element elementor-element-59235ba e-con-full banner-img-outer elementor-hidden-mobile e-flex wpr-particle-no wpr-jarallax-no wpr-parallax-no wpr-sticky-section-no e-con e-child\" data-id=\"59235ba\" data-element_type=\"container\">\n\t\t\t\t<div class=\"elementor-element elementor-element-9daa4f6 banner-img elementor-widget elementor-widget-image\" data-id=\"9daa4f6\" data-element_type=\"widget\" data-widget_type=\"image.default\">\n\t\t\t\t<div class=\"elementor-widget-container\">\n\t\t\t<style>\/*! elementor - v3.23.0 - 23-07-2024 *\/\n.elementor-widget-image{text-align:center}.elementor-widget-image a{display:inline-block}.elementor-widget-image a img[src$=\".svg\"]{width:48px}.elementor-widget-image img{vertical-align:middle;display:inline-block}<\/style>\t\t\t\t\t\t\t\t\t\t<img fetchpriority=\"high\" decoding=\"async\" width=\"800\" height=\"534\" src=\"https:\/\/bvise.de\/wp-content\/uploads\/2024\/07\/ueber-bvise-1024x684.jpg\" class=\"attachment-large size-large wp-image-275\" alt=\"PC Arbeit\" srcset=\"https:\/\/bvise.de\/wp-content\/uploads\/2024\/07\/ueber-bvise-1024x684.jpg 1024w, https:\/\/bvise.de\/wp-content\/uploads\/2024\/07\/ueber-bvise-300x200.jpg 300w, https:\/\/bvise.de\/wp-content\/uploads\/2024\/07\/ueber-bvise-768x513.jpg 768w, https:\/\/bvise.de\/wp-content\/uploads\/2024\/07\/ueber-bvise.jpg 1279w\" sizes=\"(max-width: 800px) 100vw, 800px\" \/>\t\t\t\t\t\t\t\t\t\t\t\t\t<\/div>\n\t\t\t\t<\/div>\n\t\t\t\t<\/div>\n\t\t\t\t<\/div>\n\t\t\t\t<\/div>\n\t\t<div class=\"elementor-element elementor-element-4f2beec bold-color e-con-full e-flex wpr-particle-no wpr-jarallax-no wpr-parallax-no wpr-sticky-section-no e-con e-parent\" data-id=\"4f2beec\" data-element_type=\"container\">\n\t\t<div class=\"elementor-element elementor-element-2956717 e-flex e-con-boxed wpr-particle-no wpr-jarallax-no wpr-parallax-no wpr-sticky-section-no e-con e-child\" data-id=\"2956717\" data-element_type=\"container\">\n\t\t\t\t\t<div class=\"e-con-inner\">\n\t\t<div class=\"elementor-element elementor-element-38883ab e-con-full e-flex wpr-particle-no wpr-jarallax-no wpr-parallax-no wpr-sticky-section-no e-con e-child\" data-id=\"38883ab\" data-element_type=\"container\">\n\t\t\t\t<div class=\"elementor-element elementor-element-00e1cc0 elementor-widget elementor-widget-text-editor\" data-id=\"00e1cc0\" data-element_type=\"widget\" data-widget_type=\"text-editor.default\">\n\t\t\t\t<div class=\"elementor-widget-container\">\n\t\t\t<style>\/*! elementor - v3.23.0 - 23-07-2024 *\/\n.elementor-widget-text-editor.elementor-drop-cap-view-stacked .elementor-drop-cap{background-color:#69727d;color:#fff}.elementor-widget-text-editor.elementor-drop-cap-view-framed .elementor-drop-cap{color:#69727d;border:3px solid;background-color:transparent}.elementor-widget-text-editor:not(.elementor-drop-cap-view-default) .elementor-drop-cap{margin-top:8px}.elementor-widget-text-editor:not(.elementor-drop-cap-view-default) .elementor-drop-cap-letter{width:1em;height:1em}.elementor-widget-text-editor .elementor-drop-cap{float:left;text-align:center;line-height:1;font-size:50px}.elementor-widget-text-editor .elementor-drop-cap-letter{display:inline-block}<\/style>\t\t\t\t<p>bvise wurde im Jahr 2022 von<span style=\"color: #508bc7;\"> <a style=\"color: #508bc7;\" href=\"\/ueber-bvise\/team\/#michael\">Michael\u00a0<\/a><\/span>und\u00a0<span style=\"color: #508bc7;\"><a style=\"color: #508bc7;\" href=\"\/ueber-bvise\/team\/#christoph\">Christoph\u00a0<\/a><\/span>neu gegr\u00fcndet. Zusammen haben wir aber bereits \u00fcber 15 Jahre Erfahrung in der Logistikberatung im SAP-Umfeld. Zusammen mit unserem\u00a0<span style=\"color: #508bc7;\"><a style=\"color: #508bc7;\" href=\"\/ueber-bvise\/team\/\">Team<\/a>\u00a0<\/span>haben wir es uns zur Aufgabe gemacht Unternehmen ganzheitlich zu beraten und sie bei der Transformation von Gesch\u00e4ftsprozessen zu unterst\u00fctzen. Dabei betrachten wir die ganze Wertsch\u00f6pfungskette und erarbeiten individuelle L\u00f6sungen zusammen mit den Mitarbeiter*innen eures Unternehmens.<\/p>\n<p>Dabei sind wir stolz darauf bereits komplexe Projekte erfolgreich abgeschlo\u00dfen zu haben und in verschiedenen\u00a0Branchen\u00a0Effizienz und Zufriedenheit als Ergebnis zu sehen \u2013 das Zeugnis f\u00fcr unseren Erfolg und unsere Kompetenz.<\/p>\n\t\t\t\t\t\t<\/div>\n\t\t\t\t<\/div>\n\t\t\t\t<\/div>\n\t\t\t\t\t<\/div>\n\t\t\t\t<\/div>\n\t\t\t\t<\/div>\n\t\t<div class=\"elementor-element elementor-element-edf8f0d e-con-full e-flex wpr-particle-no wpr-jarallax-no wpr-parallax-no wpr-sticky-section-no e-con e-parent\" data-id=\"edf8f0d\" data-element_type=\"container\">\n\t\t<div class=\"elementor-element elementor-element-8d30d0f e-flex e-con-boxed wpr-particle-no wpr-jarallax-no wpr-parallax-no wpr-sticky-section-no e-con e-child\" data-id=\"8d30d0f\" data-element_type=\"container\">\n\t\t\t\t\t<div class=\"e-con-inner\">\n\t\t\t\t<div class=\"elementor-element elementor-element-0ba6f45 elementor-widget__width-auto elementor-widget elementor-widget-heading\" data-id=\"0ba6f45\" data-element_type=\"widget\" data-widget_type=\"heading.default\">\n\t\t\t\t<div class=\"elementor-widget-container\">\n\t\t\t<h4 class=\"elementor-heading-title elementor-size-default\">\u00dcBER BVISE<\/h4>\t\t<\/div>\n\t\t\t\t<\/div>\n\t\t\t\t<div class=\"elementor-element elementor-element-7f9ac43 bold-color elementor-widget elementor-widget-heading\" data-id=\"7f9ac43\" data-element_type=\"widget\" data-widget_type=\"heading.default\">\n\t\t\t\t<div class=\"elementor-widget-container\">\n\t\t\t<h2 class=\"elementor-heading-title elementor-size-default\">Das zeichnet<br>\n<strong>bvise<\/strong> aus<\/h2>\t\t<\/div>\n\t\t\t\t<\/div>\n\t\t\t\t\t<\/div>\n\t\t\t\t<\/div>\n\t\t\t\t<\/div>\n\t\t<div class=\"elementor-element elementor-element-975a6f8 e-con-full bg-circle e-flex wpr-particle-no wpr-jarallax-no wpr-parallax-no wpr-sticky-section-no e-con e-parent\" data-id=\"975a6f8\" data-element_type=\"container\">\n\t\t<div class=\"elementor-element elementor-element-2b9ed3f e-con-full e-flex wpr-particle-no wpr-jarallax-no wpr-parallax-no wpr-sticky-section-no e-con e-child\" data-id=\"2b9ed3f\" data-element_type=\"container\">\n\t\t<div class=\"elementor-element elementor-element-d2fa06d e-flex e-con-boxed wpr-particle-no wpr-jarallax-no wpr-parallax-no wpr-sticky-section-no e-con e-child\" data-id=\"d2fa06d\" data-element_type=\"container\">\n\t\t\t\t\t<div class=\"e-con-inner\">\n\t\t<div class=\"elementor-element elementor-element-78ad090 e-con-full e-flex wpr-particle-no wpr-jarallax-no wpr-parallax-no wpr-sticky-section-no e-con e-child\" data-id=\"78ad090\" data-element_type=\"container\">\n\t\t<div class=\"elementor-element elementor-element-d911e8e e-con-full e-flex wpr-particle-no wpr-jarallax-no wpr-parallax-no wpr-sticky-section-no e-con e-child\" data-id=\"d911e8e\" data-element_type=\"container\">\n\t\t\t\t<div class=\"elementor-element elementor-element-3463069 elementor-widget elementor-widget-image\" data-id=\"3463069\" data-element_type=\"widget\" data-widget_type=\"image.default\">\n\t\t\t\t<div class=\"elementor-widget-container\">\n\t\t\t\t\t\t\t\t\t\t\t\t\t<img decoding=\"async\" width=\"640\" height=\"653\" src=\"https:\/\/bvise.de\/wp-content\/uploads\/2024\/07\/ueber-bvise-technologie.jpg\" class=\"attachment-large size-large wp-image-330\" alt=\"Gl\u00fchbirne\" srcset=\"https:\/\/bvise.de\/wp-content\/uploads\/2024\/07\/ueber-bvise-technologie.jpg 640w, https:\/\/bvise.de\/wp-content\/uploads\/2024\/07\/ueber-bvise-technologie-294x300.jpg 294w\" sizes=\"(max-width: 640px) 100vw, 640px\" \/>\t\t\t\t\t\t\t\t\t\t\t\t\t<\/div>\n\t\t\t\t<\/div>\n\t\t\t\t<\/div>\n\t\t<div class=\"elementor-element elementor-element-3139453 e-con-full e-flex wpr-particle-no wpr-jarallax-no wpr-parallax-no wpr-sticky-section-no e-con e-child\" data-id=\"3139453\" data-element_type=\"container\">\n\t\t\t\t<div class=\"elementor-element elementor-element-9eccfe6 elementor-widget elementor-widget-heading\" data-id=\"9eccfe6\" data-element_type=\"widget\" data-widget_type=\"heading.default\">\n\t\t\t\t<div class=\"elementor-widget-container\">\n\t\t\t<h3 class=\"elementor-heading-title elementor-size-default\">Technologie & Innovation<\/h3>\t\t<\/div>\n\t\t\t\t<\/div>\n\t\t\t\t<div class=\"elementor-element elementor-element-f946290 elementor-widget elementor-widget-text-editor\" data-id=\"f946290\" data-element_type=\"widget\" data-widget_type=\"text-editor.default\">\n\t\t\t\t<div class=\"elementor-widget-container\">\n\t\t\t\t\t\t\t<p>W\u00e4hrend Marktbegleiter auf bew\u00e4hrte Abl\u00e4ufe setzen, sind wir bestrebt uns laufend weiterzuentwickeln und unsere Kunden auf einem neusten und modernsten Stand zu beraten. Nur so k\u00f6nnen wir garantieren, dass sich die Ans\u00e4tze viele Jahre bew\u00e4hren und sowohl wir, als auch unsere Kunden innovativ, aber beruhigt in die Zukunft blicken k\u00f6nnen.<\/p>\n\t\t\t\t\t\t<\/div>\n\t\t\t\t<\/div>\n\t\t\t\t<div class=\"elementor-element elementor-element-224961e box-btn elementor-align-left elementor-widget elementor-widget-button\" data-id=\"224961e\" data-element_type=\"widget\" data-widget_type=\"button.default\">\n\t\t\t\t<div class=\"elementor-widget-container\">\n\t\t\t\t\t<div class=\"elementor-button-wrapper\">\n\t\t\t<a class=\"elementor-button elementor-button-link elementor-size-sm\" href=\"https:\/\/bvise.de\/en\/what-we-do\/\">\n\t\t\t\t\t\t<span class=\"elementor-button-content-wrapper\">\n\t\t\t\t\t\t<span class=\"elementor-button-icon\">\n\t\t\t\t<svg xmlns=\"http:\/\/www.w3.org\/2000\/svg\" width=\"19\" height=\"12\" viewBox=\"0 0 19 12\" fill=\"none\"><path d=\"M17.7521 6.67971H1.24604C0.833386 6.67971 0.5 6.37442 0.5 5.99653C0.5 5.61865 0.833386 5.31335 1.24604 5.31335H15.95L11.4225 1.16728C11.1311 0.900413 11.1311 0.46702 11.4225 0.200151C11.7139 -0.0667171 12.1872 -0.0667171 12.4786 0.200151L18.2814 5.51403C18.4959 5.71045 18.5588 6.00294 18.4422 6.25913C18.3257 6.51319 18.0529 6.67971 17.7521 6.67971Z\" fill=\"#0055FF\"><\/path><path d=\"M11.9424 12C11.7512 12 11.56 11.9338 11.4155 11.7993C11.1241 11.5324 11.1241 11.0991 11.4155 10.8322L17.2253 5.5119C17.5167 5.24503 17.9899 5.24503 18.2814 5.5119C18.5728 5.77877 18.5728 6.21216 18.2814 6.47903L12.4716 11.7993C12.3247 11.9338 12.1335 12 11.9424 12Z\" fill=\"#0055FF\"><\/path><\/svg>\t\t\t<\/span>\n\t\t\t\t\t\t\t\t\t<span class=\"elementor-button-text\">Mehr zu \u201eWas wir tun\u201c<\/span>\n\t\t\t\t\t<\/span>\n\t\t\t\t\t<\/a>\n\t\t<\/div>\n\t\t\t\t<\/div>\n\t\t\t\t<\/div>\n\t\t\t\t<\/div>\n\t\t\t\t<\/div>\n\t\t\t\t\t<\/div>\n\t\t\t\t<\/div>\n\t\t\t\t<\/div>\n\t\t\t\t<\/div>\n\t\t<div class=\"elementor-element elementor-element-2e6a34c e-con-full bg-circle e-flex wpr-particle-no wpr-jarallax-no wpr-parallax-no wpr-sticky-section-no e-con e-parent\" data-id=\"2e6a34c\" data-element_type=\"container\">\n\t\t<div class=\"elementor-element elementor-element-b781a2f e-con-full e-flex wpr-particle-no wpr-jarallax-no wpr-parallax-no wpr-sticky-section-no e-con e-child\" data-id=\"b781a2f\" data-element_type=\"container\">\n\t\t<div class=\"elementor-element elementor-element-2c35f36 e-flex e-con-boxed wpr-particle-no wpr-jarallax-no wpr-parallax-no wpr-sticky-section-no e-con e-child\" data-id=\"2c35f36\" data-element_type=\"container\">\n\t\t\t\t\t<div class=\"e-con-inner\">\n\t\t<div class=\"elementor-element elementor-element-0a253b2 e-con-full e-flex wpr-particle-no wpr-jarallax-no wpr-parallax-no wpr-sticky-section-no e-con e-child\" data-id=\"0a253b2\" data-element_type=\"container\">\n\t\t<div class=\"elementor-element elementor-element-1ab417e e-con-full e-flex wpr-particle-no wpr-jarallax-no wpr-parallax-no wpr-sticky-section-no e-con e-child\" data-id=\"1ab417e\" data-element_type=\"container\">\n\t\t\t\t<div class=\"elementor-element elementor-element-6329d0a elementor-widget elementor-widget-heading\" data-id=\"6329d0a\" data-element_type=\"widget\" data-widget_type=\"heading.default\">\n\t\t\t\t<div class=\"elementor-widget-container\">\n\t\t\t<h3 class=\"elementor-heading-title elementor-size-default\">Unsere Werte<\/h3>\t\t<\/div>\n\t\t\t\t<\/div>\n\t\t\t\t<div class=\"elementor-element elementor-element-df187d4 elementor-widget elementor-widget-text-editor\" data-id=\"df187d4\" data-element_type=\"widget\" data-widget_type=\"text-editor.default\">\n\t\t\t\t<div class=\"elementor-widget-container\">\n\t\t\t\t\t\t\t<p>Wir sind davon \u00fcberzeugt, dass Erfolg nicht nur aus l\u00fcckenlosem Wissen und Fachkompetenz entsteht. Es sind auch die pers\u00f6nlichen Beziehungen, langj\u00e4hrigen Partnerschaften, den Mut neues zu wagen und gemeinsam als ein Team in die Zukunft zu gehen. So entwickeln wir uns als bvise im Team, aber auch gemeinsam mit unseren Kunden weiter. Nur so k\u00f6nnen Gesch\u00e4ftsergebnisse erfolgreich transformiert, Projekte zu aller Zufriedenheit bew\u00e4ltigt und professionell gearbeitet werden. All das vereinen wir mit unserer technischen Exzellenz, unserem Branchenwissen und Vertrauen in unsere F\u00e4higkeiten.<\/p>\n\t\t\t\t\t\t<\/div>\n\t\t\t\t<\/div>\n\t\t\t\t<div class=\"elementor-element elementor-element-0e6e0f3 box-btn elementor-align-left elementor-widget elementor-widget-button\" data-id=\"0e6e0f3\" data-element_type=\"widget\" data-widget_type=\"button.default\">\n\t\t\t\t<div class=\"elementor-widget-container\">\n\t\t\t\t\t<div class=\"elementor-button-wrapper\">\n\t\t\t<a class=\"elementor-button elementor-button-link elementor-size-sm\" href=\"https:\/\/bvise.de\/en\/about-bvise\/team\/\">\n\t\t\t\t\t\t<span class=\"elementor-button-content-wrapper\">\n\t\t\t\t\t\t<span class=\"elementor-button-icon\">\n\t\t\t\t<svg xmlns=\"http:\/\/www.w3.org\/2000\/svg\" width=\"19\" height=\"12\" viewBox=\"0 0 19 12\" fill=\"none\"><path d=\"M17.7521 6.67971H1.24604C0.833386 6.67971 0.5 6.37442 0.5 5.99653C0.5 5.61865 0.833386 5.31335 1.24604 5.31335H15.95L11.4225 1.16728C11.1311 0.900413 11.1311 0.46702 11.4225 0.200151C11.7139 -0.0667171 12.1872 -0.0667171 12.4786 0.200151L18.2814 5.51403C18.4959 5.71045 18.5588 6.00294 18.4422 6.25913C18.3257 6.51319 18.0529 6.67971 17.7521 6.67971Z\" fill=\"#0055FF\"><\/path><path d=\"M11.9424 12C11.7512 12 11.56 11.9338 11.4155 11.7993C11.1241 11.5324 11.1241 11.0991 11.4155 10.8322L17.2253 5.5119C17.5167 5.24503 17.9899 5.24503 18.2814 5.5119C18.5728 5.77877 18.5728 6.21216 18.2814 6.47903L12.4716 11.7993C12.3247 11.9338 12.1335 12 11.9424 12Z\" fill=\"#0055FF\"><\/path><\/svg>\t\t\t<\/span>\n\t\t\t\t\t\t\t\t\t<span class=\"elementor-button-text\">Mehr zu uns<\/span>\n\t\t\t\t\t<\/span>\n\t\t\t\t\t<\/a>\n\t\t<\/div>\n\t\t\t\t<\/div>\n\t\t\t\t<\/div>\n\t\t\t\t<\/div>\n\t\t<div class=\"elementor-element elementor-element-0d98225 e-con-full e-flex wpr-particle-no wpr-jarallax-no wpr-parallax-no wpr-sticky-section-no e-con e-child\" data-id=\"0d98225\" data-element_type=\"container\">\n\t\t\t\t<div class=\"elementor-element elementor-element-28ee404 elementor-widget elementor-widget-image\" data-id=\"28ee404\" data-element_type=\"widget\" data-widget_type=\"image.default\">\n\t\t\t\t<div class=\"elementor-widget-container\">\n\t\t\t\t\t\t\t\t\t\t\t\t\t<img decoding=\"async\" width=\"640\" height=\"427\" src=\"https:\/\/bvise.de\/wp-content\/uploads\/2024\/07\/ueber-bvise-werte.jpg\" class=\"attachment-large size-large wp-image-340\" alt=\"ueber-bvise-werte\" srcset=\"https:\/\/bvise.de\/wp-content\/uploads\/2024\/07\/ueber-bvise-werte.jpg 640w, https:\/\/bvise.de\/wp-content\/uploads\/2024\/07\/ueber-bvise-werte-300x200.jpg 300w\" sizes=\"(max-width: 640px) 100vw, 640px\" \/>\t\t\t\t\t\t\t\t\t\t\t\t\t<\/div>\n\t\t\t\t<\/div>\n\t\t\t\t<\/div>\n\t\t\t\t<\/div>\n\t\t\t\t\t<\/div>\n\t\t\t\t<\/div>\n\t\t\t\t<\/div>\n\t\t\t\t<\/div>\n\t\t\t\t<\/div>\n\t\t","protected":false},"excerpt":{"rendered":"<p>Das ist bvise bvise wurde im Jahr 2022 von Michael\u00a0und\u00a0Christoph\u00a0neu gegr\u00fcndet. Zusammen haben wir aber bereits \u00fcber 15 Jahre Erfahrung in der Logistikberatung im SAP-Umfeld. Zusammen mit unserem\u00a0Team\u00a0haben wir es uns zur Aufgabe gemacht Unternehmen ganzheitlich zu beraten und sie bei der Transformation von Gesch\u00e4ftsprozessen zu unterst\u00fctzen. Dabei betrachten wir die ganze Wertsch\u00f6pfungskette und erarbeiten individuelle L\u00f6sungen zusammen mit den Mitarbeiter*innen eures Unternehmens. Dabei sind wir stolz darauf bereits komplexe Projekte erfolgreich abgeschlo\u00dfen zu haben und in verschiedenen\u00a0Branchen\u00a0Effizienz und Zufriedenheit als Ergebnis zu sehen \u2013 das Zeugnis f\u00fcr unseren Erfolg und unsere Kompetenz. \u00dcBER BVISE Das zeichnet bvise aus Technologie &#038; Innovation W\u00e4hrend Marktbegleiter auf bew\u00e4hrte Abl\u00e4ufe setzen, sind wir bestrebt uns laufend weiterzuentwickeln und unsere Kunden auf einem neusten und modernsten Stand zu beraten. Nur so k\u00f6nnen wir garantieren, dass sich die Ans\u00e4tze viele Jahre bew\u00e4hren und sowohl wir, als auch unsere Kunden innovativ, aber beruhigt in die Zukunft blicken k\u00f6nnen. Mehr zu \u201eWas wir tun\u201c Unsere Werte Wir sind davon \u00fcberzeugt, dass Erfolg nicht nur aus l\u00fcckenlosem Wissen und Fachkompetenz entsteht. Es sind auch die pers\u00f6nlichen Beziehungen, langj\u00e4hrigen Partnerschaften, den Mut neues zu wagen und gemeinsam als ein Team in die Zukunft zu gehen. So entwickeln wir uns als bvise im Team, aber auch gemeinsam mit unseren Kunden weiter. Nur so k\u00f6nnen Gesch\u00e4ftsergebnisse erfolgreich transformiert, Projekte zu aller Zufriedenheit bew\u00e4ltigt und professionell gearbeitet werden. All das vereinen wir mit unserer technischen Exzellenz, unserem Branchenwissen und Vertrauen in unsere F\u00e4higkeiten. Mehr zu uns<\/p>\n","protected":false},"author":2,"featured_media":0,"parent":2730,"menu_order":0,"comment_status":"closed","ping_status":"closed","template":"elementor_header_footer","meta":{"om_disable_all_campaigns":false,"inline_featured_image":false,"_monsterinsights_skip_tracking":false,"_monsterinsights_sitenote_active":false,"_monsterinsights_sitenote_note":"","_monsterinsights_sitenote_category":0,"_uf_show_specific_survey":0,"_uf_disable_surveys":false,"footnotes":""},"class_list":["post-4874","page","type-page","status-publish","hentry"],"aioseo_notices":[],"_links":{"self":[{"href":"https:\/\/bvise.de\/en\/wp-json\/wp\/v2\/pages\/4874","targetHints":{"allow":["GET"]}}],"collection":[{"href":"https:\/\/bvise.de\/en\/wp-json\/wp\/v2\/pages"}],"about":[{"href":"https:\/\/bvise.de\/en\/wp-json\/wp\/v2\/types\/page"}],"author":[{"embeddable":true,"href":"https:\/\/bvise.de\/en\/wp-json\/wp\/v2\/users\/2"}],"replies":[{"embeddable":true,"href":"https:\/\/bvise.de\/en\/wp-json\/wp\/v2\/comments?post=4874"}],"version-history":[{"count":1,"href":"https:\/\/bvise.de\/en\/wp-json\/wp\/v2\/pages\/4874\/revisions"}],"predecessor-version":[{"id":4875,"href":"https:\/\/bvise.de\/en\/wp-json\/wp\/v2\/pages\/4874\/revisions\/4875"}],"up":[{"embeddable":true,"href":"https:\/\/bvise.de\/en\/wp-json\/wp\/v2\/pages\/2730"}],"wp:attachment":[{"href":"https:\/\/bvise.de\/en\/wp-json\/wp\/v2\/media?parent=4874"}],"curies":[{"name":"wp","href":"https:\/\/api.w.org\/{rel}","templated":true}]}}